{"id":5253,"date":"2020-11-20T21:06:22","date_gmt":"2020-11-20T21:06:22","guid":{"rendered":"https:\/\/leavogel.com\/?post_type=product&#038;p=5253"},"modified":"2024-10-18T07:43:53","modified_gmt":"2024-10-18T07:43:53","slug":"n-u-r-i-2","status":"publish","type":"product","link":"https:\/\/leavogel.com\/?product=n-u-r-i-2","title":{"rendered":"pullover nuri"},"content":{"rendered":"","protected":false},"excerpt":{"rendered":"<p><h7> Pullover mit R\u00fcckenausschnitt<\/p>\n<p><h8>Stoff &#8211; Bio-Baumwolle aus Spanien GOTS<br \/>\nFarbe &#8211;  nat\u00fcrliche Farben der Pflanze, ohne Pestizide, Chemikalien, Farbstoffe und Bleichmittel<br \/>\nGr\u00f6sse &#8211; onesize, erh\u00e4ltlich mit tiefem R\u00fcckenausschnitt und mit engerem R\u00fcckenausschnitt <\/p>\n<p><h9>Auf Bestellung auch in anderen Farben und Stoffen erh\u00e4ltlich<\/p>\n<p><h8>Entworfen und hergestellt im Atelier in Grosswangen, Lu.<\/p>\n<p><h9> 30\u00b0 Schonwaschgang<br \/>\nnicht tumblern<\/p>\n<h10>W\u00e4hle innerhalb der Preisspanne einen Betrag, der f\u00fcr Dich stimmig ist und deinen finanziellen M\u00f6glichkeiten entspricht. Das fluide Preissystem regt die bewusste Auseinandersetzung mit Wert an und m\u00f6chte den Zugang zu nachhaltiger Mode f\u00fcr viele erm\u00f6glichen.<\/p>\n","protected":false},"featured_media":5248,"template":"","meta":[],"product_brand":[],"product_cat":[105,272],"product_tag":[],"class_list":{"0":"post-5253","1":"product","2":"type-product","3":"status-publish","4":"has-post-thumbnail","6":"product_cat-pullover","7":"product_cat-view-all","10":"first","11":"instock","12":"shipping-taxable","13":"purchasable","14":"product-type-variable"},"_links":{"self":[{"href":"https:\/\/leavogel.com\/index.php?rest_route=\/wp\/v2\/product\/5253","targetHints":{"allow":["GET"]}}],"collection":[{"href":"https:\/\/leavogel.com\/index.php?rest_route=\/wp\/v2\/product"}],"about":[{"href":"https:\/\/leavogel.com\/index.php?rest_route=\/wp\/v2\/types\/product"}],"wp:featuredmedia":[{"embeddable":true,"href":"https:\/\/leavogel.com\/index.php?rest_route=\/wp\/v2\/media\/5248"}],"wp:attachment":[{"href":"https:\/\/leavogel.com\/index.php?rest_route=%2Fwp%2Fv2%2Fmedia&parent=5253"}],"wp:term":[{"taxonomy":"product_brand","embeddable":true,"href":"https:\/\/leavogel.com\/index.php?rest_route=%2Fwp%2Fv2%2Fproduct_brand&post=5253"},{"taxonomy":"product_cat","embeddable":true,"href":"https:\/\/leavogel.com\/index.php?rest_route=%2Fwp%2Fv2%2Fproduct_cat&post=5253"},{"taxonomy":"product_tag","embeddable":true,"href":"https:\/\/leavogel.com\/index.php?rest_route=%2Fwp%2Fv2%2Fproduct_tag&post=5253"}],"curies":[{"name":"wp","href":"https:\/\/api.w.org\/{rel}","templated":true}]}}