{"id":5350,"date":"2020-11-22T14:31:20","date_gmt":"2020-11-22T14:31:20","guid":{"rendered":"https:\/\/leavogel.com\/?post_type=product&#038;p=5350"},"modified":"2024-10-18T07:12:29","modified_gmt":"2024-10-18T07:12:29","slug":"dali","status":"publish","type":"product","link":"https:\/\/leavogel.com\/?product=dali","title":{"rendered":"blouse dali"},"content":{"rendered":"","protected":false},"excerpt":{"rendered":"<p><h7> Bluse aus fliessender Bambus Viscose mit Knopfleiste und Kragen<\/p>\n<p><h8>Stoff &#8211; biologische Bambus Viscose<br \/>\nFarbe &#8211; schwarz (auch erh\u00e4ltlich in weiss)<br \/>\nGr\u00f6sse &#8211; onesize<br \/>\nKn\u00f6pfe &#8211;  mit GOTS zertifizierten Perlmuttkn\u00f6pfen \/ oder Steinnusskn\u00f6pfen nach Wahl <\/p>\n<p><h9>Auf Bestellung auch in anderen Farben und Stoffen erh\u00e4ltlich<\/p>\n<p><h8>Entworfen und hergestellt im Atelier in Grosswangen, Lu.<\/p>\n<p><h9> 30\u00b0 Schonwaschgang<br \/>\nnicht tumblern<\/p>\n<h10>W\u00e4hle innerhalb der Preisspanne einen Betrag, der f\u00fcr Dich stimmig ist und deinen finanziellen M\u00f6glichkeiten entspricht. Das fluide Preissystem regt die bewusste Auseinandersetzung mit Wert an und m\u00f6chte den Zugang zu nachhaltiger Mode f\u00fcr viele erm\u00f6glichen.<\/p>\n","protected":false},"featured_media":5338,"template":"","meta":[],"product_brand":[],"product_cat":[113,272],"product_tag":[],"class_list":{"0":"post-5350","1":"product","2":"type-product","3":"status-publish","4":"has-post-thumbnail","6":"product_cat-blouses-shirts","7":"product_cat-view-all","10":"first","11":"instock","12":"shipping-taxable","13":"purchasable","14":"product-type-variable"},"_links":{"self":[{"href":"https:\/\/leavogel.com\/index.php?rest_route=\/wp\/v2\/product\/5350","targetHints":{"allow":["GET"]}}],"collection":[{"href":"https:\/\/leavogel.com\/index.php?rest_route=\/wp\/v2\/product"}],"about":[{"href":"https:\/\/leavogel.com\/index.php?rest_route=\/wp\/v2\/types\/product"}],"wp:featuredmedia":[{"embeddable":true,"href":"https:\/\/leavogel.com\/index.php?rest_route=\/wp\/v2\/media\/5338"}],"wp:attachment":[{"href":"https:\/\/leavogel.com\/index.php?rest_route=%2Fwp%2Fv2%2Fmedia&parent=5350"}],"wp:term":[{"taxonomy":"product_brand","embeddable":true,"href":"https:\/\/leavogel.com\/index.php?rest_route=%2Fwp%2Fv2%2Fproduct_brand&post=5350"},{"taxonomy":"product_cat","embeddable":true,"href":"https:\/\/leavogel.com\/index.php?rest_route=%2Fwp%2Fv2%2Fproduct_cat&post=5350"},{"taxonomy":"product_tag","embeddable":true,"href":"https:\/\/leavogel.com\/index.php?rest_route=%2Fwp%2Fv2%2Fproduct_tag&post=5350"}],"curies":[{"name":"wp","href":"https:\/\/api.w.org\/{rel}","templated":true}]}}