{"id":629,"date":"2017-04-18T20:06:20","date_gmt":"2017-04-18T20:06:20","guid":{"rendered":"http:\/\/www.leavogel.com\/?post_type=product&#038;p=552"},"modified":"2024-10-18T08:58:51","modified_gmt":"2024-10-18T08:58:51","slug":"schale","status":"publish","type":"product","link":"https:\/\/leavogel.com\/?product=schale","title":{"rendered":"schale"},"content":{"rendered":"","protected":false},"excerpt":{"rendered":"<p><h7> Schale<\/p>\n<p><h8>Material &#8211; Porzellan<br \/>\nGr\u00f6sse &#8211; \u00d8 ca. 11 cm &#8211; H\u00f6he ca. 7 cm<br \/>\nPflege &#8211; Waschmaschinenfest<\/p>\n<p><h9>Entworfen und handgedreht im Atelier in Z\u00fcrich<\/p>\n<p><h8>von goodlife ceramics &#8211; <a href=\"http:\/\/goodlifeceramics.ch\">goodlifeceramics.ch<\/a><\/p>\n<p><h9>Bestellung auf Anfrage<\/p>\n","protected":false},"featured_media":963,"template":"","meta":[],"product_brand":[],"product_cat":[90],"product_tag":[],"class_list":{"0":"post-629","1":"product","2":"type-product","3":"status-publish","4":"has-post-thumbnail","6":"product_cat-ceramics","9":"first","10":"outofstock","11":"shipping-taxable","12":"purchasable","13":"product-type-simple"},"_links":{"self":[{"href":"https:\/\/leavogel.com\/index.php?rest_route=\/wp\/v2\/product\/629","targetHints":{"allow":["GET"]}}],"collection":[{"href":"https:\/\/leavogel.com\/index.php?rest_route=\/wp\/v2\/product"}],"about":[{"href":"https:\/\/leavogel.com\/index.php?rest_route=\/wp\/v2\/types\/product"}],"wp:featuredmedia":[{"embeddable":true,"href":"https:\/\/leavogel.com\/index.php?rest_route=\/wp\/v2\/media\/963"}],"wp:attachment":[{"href":"https:\/\/leavogel.com\/index.php?rest_route=%2Fwp%2Fv2%2Fmedia&parent=629"}],"wp:term":[{"taxonomy":"product_brand","embeddable":true,"href":"https:\/\/leavogel.com\/index.php?rest_route=%2Fwp%2Fv2%2Fproduct_brand&post=629"},{"taxonomy":"product_cat","embeddable":true,"href":"https:\/\/leavogel.com\/index.php?rest_route=%2Fwp%2Fv2%2Fproduct_cat&post=629"},{"taxonomy":"product_tag","embeddable":true,"href":"https:\/\/leavogel.com\/index.php?rest_route=%2Fwp%2Fv2%2Fproduct_tag&post=629"}],"curies":[{"name":"wp","href":"https:\/\/api.w.org\/{rel}","templated":true}]}}