{"id":6491,"date":"2023-05-26T14:59:21","date_gmt":"2023-05-26T14:59:21","guid":{"rendered":"https:\/\/leavogel.com\/?post_type=product&#038;p=6491"},"modified":"2024-10-17T19:57:14","modified_gmt":"2024-10-17T19:57:14","slug":"bluse-esra-2","status":"publish","type":"product","link":"https:\/\/leavogel.com\/?product=bluse-esra-2","title":{"rendered":"bluse esra"},"content":{"rendered":"","protected":false},"excerpt":{"rendered":"<p><h7> Bluse aus Biobaumwolle mit Kragen und Knopfleiste<\/p>\n<p><h8>Stoff &#8211; 100 % Biobaumwolle GOTS aus Frankreich<br \/>\nFarbe &#8211; ecru (auch erh\u00e4ltlich in gr\u00fcn)<br \/>\nGr\u00f6sse &#8211; onesize<br \/>\nKn\u00f6pfe &#8211; Perlmutt (GOTS) oder Steinnuss nach Wahl  <\/p>\n<p><h9>Auf Bestellung auch in anderen Farben und Stoffen erh\u00e4ltlich<\/p>\n<p><h8>Entworfen und hergestellt im Atelier in Grosswangen, Lu.<\/p>\n<p><h9> 30\u00b0 Schonwaschgang<br \/>\nnicht tumblern<\/p>\n<h10>W\u00e4hle innerhalb der Preisspanne einen Betrag, der f\u00fcr Dich stimmig ist und deinen finanziellen M\u00f6glichkeiten entspricht. Das fluide Preissystem regt die bewusste Auseinandersetzung mit Wert an und m\u00f6chte den Zugang zu nachhaltiger Mode f\u00fcr viele erm\u00f6glichen.<\/p>\n","protected":false},"featured_media":6373,"template":"","meta":[],"product_brand":[],"product_cat":[113,272],"product_tag":[],"class_list":{"0":"post-6491","1":"product","2":"type-product","3":"status-publish","4":"has-post-thumbnail","6":"product_cat-blouses-shirts","7":"product_cat-view-all","10":"first","11":"instock","12":"shipping-taxable","13":"purchasable","14":"product-type-variable"},"_links":{"self":[{"href":"https:\/\/leavogel.com\/index.php?rest_route=\/wp\/v2\/product\/6491","targetHints":{"allow":["GET"]}}],"collection":[{"href":"https:\/\/leavogel.com\/index.php?rest_route=\/wp\/v2\/product"}],"about":[{"href":"https:\/\/leavogel.com\/index.php?rest_route=\/wp\/v2\/types\/product"}],"wp:featuredmedia":[{"embeddable":true,"href":"https:\/\/leavogel.com\/index.php?rest_route=\/wp\/v2\/media\/6373"}],"wp:attachment":[{"href":"https:\/\/leavogel.com\/index.php?rest_route=%2Fwp%2Fv2%2Fmedia&parent=6491"}],"wp:term":[{"taxonomy":"product_brand","embeddable":true,"href":"https:\/\/leavogel.com\/index.php?rest_route=%2Fwp%2Fv2%2Fproduct_brand&post=6491"},{"taxonomy":"product_cat","embeddable":true,"href":"https:\/\/leavogel.com\/index.php?rest_route=%2Fwp%2Fv2%2Fproduct_cat&post=6491"},{"taxonomy":"product_tag","embeddable":true,"href":"https:\/\/leavogel.com\/index.php?rest_route=%2Fwp%2Fv2%2Fproduct_tag&post=6491"}],"curies":[{"name":"wp","href":"https:\/\/api.w.org\/{rel}","templated":true}]}}