{"id":7426,"date":"2024-09-25T08:55:48","date_gmt":"2024-09-25T08:55:48","guid":{"rendered":"https:\/\/leavogel.com\/?post_type=product&#038;p=7426"},"modified":"2024-10-17T09:38:28","modified_gmt":"2024-10-17T09:38:28","slug":"shirt-goel","status":"publish","type":"product","link":"https:\/\/leavogel.com\/?product=shirt-goel","title":{"rendered":"shirt goel"},"content":{"rendered":"","protected":false},"excerpt":{"rendered":"<p><h7> Shirt aus breitem Rippjersey mit offenen, unverarbeiteten Abschl\u00fcssen<\/p>\n<p><h8>Stoff &#8211; Biobaumwolle GOTS<br \/>\nFarbe &#8211; schwarz<br \/>\nGr\u00f6sse &#8211; S\/M und M\/L<\/p>\n<p><h9>Auf Bestellung auch in anderen Farben und Stoffen erh\u00e4ltlich<\/p>\n<p><h8>Entworfen und hergestellt im Atelier in Grosswangen, Lu.<\/p>\n<p><h9> 30\u00b0 Schonwaschgang<br \/>\nnicht tumblern<\/p>\n<h10>W\u00e4hle innerhalb der Preisspanne einen Betrag, der f\u00fcr Dich stimmig ist und deinen finanziellen M\u00f6glichkeiten entspricht. Das fluide Preissystem regt die bewusste Auseinandersetzung mit Wert an und m\u00f6chte den Zugang zu nachhaltiger Mode f\u00fcr viele erm\u00f6glichen.<\/p>\n","protected":false},"featured_media":7371,"template":"","meta":[],"product_brand":[],"product_cat":[113,273,272],"product_tag":[],"class_list":{"0":"post-7426","1":"product","2":"type-product","3":"status-publish","4":"has-post-thumbnail","6":"product_cat-blouses-shirts","7":"product_cat-newin","8":"product_cat-view-all","11":"first","12":"instock","13":"shipping-taxable","14":"purchasable","15":"product-type-variable"},"_links":{"self":[{"href":"https:\/\/leavogel.com\/index.php?rest_route=\/wp\/v2\/product\/7426","targetHints":{"allow":["GET"]}}],"collection":[{"href":"https:\/\/leavogel.com\/index.php?rest_route=\/wp\/v2\/product"}],"about":[{"href":"https:\/\/leavogel.com\/index.php?rest_route=\/wp\/v2\/types\/product"}],"wp:featuredmedia":[{"embeddable":true,"href":"https:\/\/leavogel.com\/index.php?rest_route=\/wp\/v2\/media\/7371"}],"wp:attachment":[{"href":"https:\/\/leavogel.com\/index.php?rest_route=%2Fwp%2Fv2%2Fmedia&parent=7426"}],"wp:term":[{"taxonomy":"product_brand","embeddable":true,"href":"https:\/\/leavogel.com\/index.php?rest_route=%2Fwp%2Fv2%2Fproduct_brand&post=7426"},{"taxonomy":"product_cat","embeddable":true,"href":"https:\/\/leavogel.com\/index.php?rest_route=%2Fwp%2Fv2%2Fproduct_cat&post=7426"},{"taxonomy":"product_tag","embeddable":true,"href":"https:\/\/leavogel.com\/index.php?rest_route=%2Fwp%2Fv2%2Fproduct_tag&post=7426"}],"curies":[{"name":"wp","href":"https:\/\/api.w.org\/{rel}","templated":true}]}}