{"id":7570,"date":"2024-09-25T09:34:05","date_gmt":"2024-09-25T09:34:05","guid":{"rendered":"https:\/\/leavogel.com\/?post_type=product&#038;p=7570"},"modified":"2024-10-17T09:20:19","modified_gmt":"2024-10-17T09:20:19","slug":"jacke-ilvi","status":"publish","type":"product","link":"https:\/\/leavogel.com\/?product=jacke-ilvi","title":{"rendered":"jacke ilvi"},"content":{"rendered":"","protected":false},"excerpt":{"rendered":"<p><h7> Cordjacke mit Brusttasche und Knopfverschluss <\/p>\n<p><h8>Stoff &#8211; Cordstoff aus Deutschland Biobaumwolle GOTS<br \/>\nFarbe &#8211; Asphalt (erh\u00e4ltlich in kastanie, gelb, nachtblau, indigo, dunkelbraun, schwarz, grau)<br \/>\nGr\u00f6sse &#8211; onesize<br \/>\nKn\u00f6pfe &#8211; Perlmuttkn\u00f6pfe (Restposten) mit Vermerk auch m\u00f6glich mit Steinnusskn\u00f6pfen<\/p>\n<p><h9>Auf Bestellung auch in anderen Farben und Stoffen erh\u00e4ltlich<\/p>\n<p><h8>Entworfen und hergestellt im Atelier in Grosswangen, Lu.<\/p>\n<p><h9> 30\u00b0 Schonwaschgang<br \/>\nnicht tumblern<\/p>\n<h10>W\u00e4hle innerhalb der Preisspanne einen Betrag, der f\u00fcr Dich stimmig ist und deinen finanziellen M\u00f6glichkeiten entspricht. Das fluide Preissystem regt die bewusste Auseinandersetzung mit Wert an und m\u00f6chte den Zugang zu nachhaltiger Mode f\u00fcr viele erm\u00f6glichen.<\/p>\n","protected":false},"featured_media":7584,"template":"","meta":[],"product_brand":[],"product_cat":[95,273,272],"product_tag":[],"class_list":{"0":"post-7570","1":"product","2":"type-product","3":"status-publish","4":"has-post-thumbnail","6":"product_cat-jackets-coats","7":"product_cat-newin","8":"product_cat-view-all","11":"first","12":"instock","13":"shipping-taxable","14":"purchasable","15":"product-type-variable"},"_links":{"self":[{"href":"https:\/\/leavogel.com\/index.php?rest_route=\/wp\/v2\/product\/7570","targetHints":{"allow":["GET"]}}],"collection":[{"href":"https:\/\/leavogel.com\/index.php?rest_route=\/wp\/v2\/product"}],"about":[{"href":"https:\/\/leavogel.com\/index.php?rest_route=\/wp\/v2\/types\/product"}],"wp:featuredmedia":[{"embeddable":true,"href":"https:\/\/leavogel.com\/index.php?rest_route=\/wp\/v2\/media\/7584"}],"wp:attachment":[{"href":"https:\/\/leavogel.com\/index.php?rest_route=%2Fwp%2Fv2%2Fmedia&parent=7570"}],"wp:term":[{"taxonomy":"product_brand","embeddable":true,"href":"https:\/\/leavogel.com\/index.php?rest_route=%2Fwp%2Fv2%2Fproduct_brand&post=7570"},{"taxonomy":"product_cat","embeddable":true,"href":"https:\/\/leavogel.com\/index.php?rest_route=%2Fwp%2Fv2%2Fproduct_cat&post=7570"},{"taxonomy":"product_tag","embeddable":true,"href":"https:\/\/leavogel.com\/index.php?rest_route=%2Fwp%2Fv2%2Fproduct_tag&post=7570"}],"curies":[{"name":"wp","href":"https:\/\/api.w.org\/{rel}","templated":true}]}}